{"id":1989,"date":"2019-11-12T11:05:57","date_gmt":"2019-11-12T10:05:57","guid":{"rendered":"https:\/\/www.fabricasgr.com\/?page_id=1989"},"modified":"2019-11-28T10:47:17","modified_gmt":"2019-11-28T09:47:17","slug":"privacy-policy-2","status":"publish","type":"page","link":"https:\/\/www.fabricasgr.com\/en\/privacy-policy-2\/","title":{"rendered":"Privacy Policy"},"content":{"rendered":"\n<p>INFORMATIVA PRIVACY AI SENSI DEL REGOLAMENTO EUROPEO 2016\/679 DEL 27 APRILE 2016 RELATIVO ALLA PROTEZIONE DEI DATI PERSONALI \u201cGENERAL DATA PROTECTION REGULATION &#8211; GDPR\u201d <\/p>\n\n<p><strong>Informativa \u201cPartecipanti ai Fondi\u201d<\/strong>&#13;\nFabrica Immobiliare SGR S.p.A., con sede legale in Roma, via Nazionale, 87, telefono 0694516601, fax 0694516640, e-mail<a href=\"mailto: info@fabricasgr.it\"> info@fabricasgr.it<\/a>, (di seguito, il \u201cTitolare\u201d), in qualit\u00e0 di titolare del trattamento dei Suoi dati personali connessi con la partecipazione ai fondi di investimento alternativi immobiliari dalla stessa gestiti (\u201cFIA\u201d), fornisce la seguente:<\/p>\n\n<p><strong> INFORMATIVA<\/strong><\/p>\n\n<p>ai sensi del Regolamento Europeo 2016\/679 del 27 aprile 2016 relativo alla protezione dei dati personali (\u201cRegolamento) e delle altre disposizioni normative tempo per tempo applicabili<\/p>\n\n<p><strong> 1) Categorie di dati trattati<\/strong><\/p>\n\n<p>Ai fini della partecipazione ai FIA, il Titolare acquisisce o pu\u00f2 venire a conoscenza dei seguenti dati a Lei riferibili:&#13;\n\u2022 dati personali: a titolo esemplificativo e non esaustivo, i dati anagrafici (ad esempio, nome, cognome, luogo e data di nascita, codice fiscale, indirizzo di residenza e domicilio), gli estremi dei documenti identificativi, gli estremi identificativi di rapporti bancari (ad esempio IBAN) i dati relativi alla famiglia ed a situazioni personali e\/o patrimoniali, i dati relativi al grado di istruzione e alle attivit\u00e0 lavorative \/ professionali dell\u2019interessato nonch\u00e9 del titolare effettivo (ai sensi del D. Lgs. 231\/2007 e successive modifiche) (\u201cDati Personali\u201d).&#13;\nIl Titolare pu\u00f2 venire in possesso anche di dati personali relativi ai familiari, acquisiti dall\u2019interessato o da terzi.<\/p>\n\n<p><strong> 2) Fonte dei dati<\/strong><\/p>\n\n<p>I dati raccolti possono provenire dall\u2019interessato e\/o da terzi (quali, a titolo esemplificativo e non esaustivo, soggetti incaricati dal Titolare della distribuzione dei FIA, banche dati esterne, es. registro imprese). <\/p>\n\n<p><strong>3) Finalit\u00e0 e base giuridica del trattamento<\/strong><\/p>\n\n<p>I dati indicati al precedente paragrafo 1. sono trattati nell&#8217;ambito della normale attivit\u00e0 del Titolare, per le finalit\u00e0, di seguito indicate:<\/p>\n\n<ul class=\"wp-block-list\"><li>finalit\u00e0 strettamente connesse e strumentali alla gestione dei rapporti con l\u2019interessato, connessi con la sottoscrizione di quote dei FIA (a titolo esemplificativo e non esaustivo, acquisizione di informazioni preliminari, atti in fase precontrattuale e attivit\u00e0 necessarie per adempiere a specifiche richieste dell\u2019interessato). Le basi giuridiche dei trattamenti sono identificate nell\u2019esecuzione di un contratto di cui l\u2019interessato \u00e8 parte o di misure precontrattuali adottate su richiesta dello stesso (art. 6(1)(b) del Regolamento) e ogni autorizzazione pro tempore adottata dal Garante per la protezione dei dati personali;<\/li><li>finalit\u00e0 inerenti all\u2019ottemperanza a prescrizioni normative (ad esempio, obblighi previsti dalla normativa antiriciclaggio per l\u2019espletamento degli obblighi di adeguata verifica della clientela e del titolare effettivo, comunicazioni di informazioni dell\u2019interessato e\/o del titolare effettivo in conformit\u00e0 a quanto previsto dal D.Lgs. 231\/07 e successive modifiche; accertamenti fiscali e tributari, obblighi inerenti alla prestazione del servizio di gestione collettiva, adempimento di disposizioni o richieste delle Autorit\u00e0 e\/o degli Organi di Vigilanza e controllo). Le basi giuridiche degli anzidetti trattamenti sono l\u2019adempimento di obblighi legali ai quali \u00e8 soggetto il Titolare (art. 6(1)(c) del Regolamento) e ogni autorizzazione pro tempore adottata dal Garante per la protezione dei dati personali e\/o l\u2019esecuzione di un contratto di cui l\u2019interessato \u00e8 parte o l\u2019esecuzione di misure precontrattuali adottate su richiesta dello stesso (art. 6(1)(b) del Regolamento);<\/li><li>laddove necessario per esercitare i diritti del Titolare, ad esempio il diritto di difesa in giudizio o in caso di contenzioso; la base giuridica del trattamento \u00e8 il perseguimento dell\u2019interesse legittimo del Titolare volto a tutelare il proprio diritto di difesa (articolo 6(1)(f) del Regolamento).<\/li><\/ul>\n<p>Per le finalit\u00e0 sopra indicate, non \u00e8 previsto il trattamento di &#13;\ncategorie di dati personali c.d. particolari (quali, a titolo &#13;\nesemplificativo, i dati personali che rivelino l\u2019origine razziale o &#13;\netnica, le opinioni politiche, le convinzioni religiose o filosofiche); &#13;\nqualora il Titolare avesse l\u2019esigenza di trattare tale tipologia di &#13;\ndati, verr\u00e0 fornita all\u2019interessato una specifica informativa e &#13;\nacquisito, ove necessario, il relativo consenso. Per le finalit\u00e0 sopra indicate, non \u00e8 previsto il trattamento di &#13;\ncategorie di dati personali c.d. particolari (quali, a titolo &#13;\nesemplificativo, i dati personali che rivelino l\u2019origine razziale o &#13;\netnica, le opinioni politiche, le convinzioni religiose o filosofiche); &#13;\nqualora il Titolare avesse l\u2019esigenza di trattare tale tipologia di &#13;\ndati, verr\u00e0 fornita all\u2019interessato una specifica informativa e &#13;\nacquisito, ove necessario, il relativo consenso. &#13;\n<\/p>\n\n<p><strong>4) Natura del conferimento dei dati e conseguenze dell&#8217;eventuale rifiuto al conferimento<\/strong><\/p>\n\n<p>Il conferimento di Dati Personali \u00e8 necessario per il perseguimento delle finalit\u00e0 di cui al precedente paragrafo 3. Un eventuale rifiuto di fornire i suddetti dati comporterebbe l&#8217;impossibilit\u00e0 per il Titolare di consentire la partecipazione ai FIA.&#13;\n5) Categorie di soggetti destinatari dei Suoi dati&#13;\n&#13;\n<strong>\u00a0<\/strong><\/p>\n\n<p>Nello svolgimento della propria attivit\u00e0 e per il perseguimento delle finalit\u00e0 di cui al precedente paragrafo 3, il Titolare potrebbe comunicare i Dati Personali a:<\/p>\n\n<ul class=\"wp-block-list\"><li>intermediari bancari e finanziari, al fine di eseguire le disposizioni dell\u2019interessato e regolare i corrispettivi previsti dai contratti stipulati con lo stesso (ivi compreso il Depositario dei FIA);<\/li><li>soggetti che svolgono attivit\u00e0 di trasmissione, imbustamento, trasporto e smistamento delle comunicazioni con la clientela;<\/li><li>professionisti o societ\u00e0 nell\u2019ambito di rapporti di assistenza e consulenza o di fornitura di altri servizi prestati al Titolare;<\/li><li>soggetti, enti o autorit\u00e0 di vigilanza e autorit\u00e0 fiscali cui tale comunicazione debba essere effettuata in adempimento di un obbligo previsto dalla legge o da un regolamento;<\/li><li>societ\u00e0 appartenenti al gruppo del Titolare;<\/li><li>autorit\u00e0 giudiziaria;<\/li><li>societ\u00e0 di revisione legale;<\/li><li>Organi di Vigilanza (Banca d\u2019Italia, Consob e UIF);<\/li><li>sistemi pubblici informativi istituiti presso le pubbliche amministrazioni, come ad esempio, l\u2019Anagrafe tributaria;<\/li><li>Archivio dei rapporti con operatori finanziari;<\/li><li>Sistemi di gestione accentrata (es. Monte Titoli).<\/li><\/ul>\n<p> Inoltre, i Dati Personali potranno essere trattati da: <\/p>\n\n<ul class=\"wp-block-list\"><li>persone fisiche autorizzate dal Titolare, quali le strutture interne del Titolare preposte al trattamento dei dati degli esponenti aziendali, dei clienti e dei fornitori.<\/li><\/ul>\n<p>Potrebbe, altres\u00ec, avere accesso ai Dati Personali durante l\u2019espletamento delle proprie mansioni anche l\u2019Amministratore di Sistema. Il rispettivo nominativo pu\u00f2 essere richiesto al Titolare, rivolgendosi a: Responsabile Compliance pro tempore, all\u2019indirizzo: <a href=\"mailto: info@fabricasgr.it\">info@fabricasgr.it<\/a>.<\/p>\n\n<p><strong>6) Trasferimento dei dati <\/strong><\/p>\n\n<p>La gestione e la conservazione di Dati Personali avverranno in Europa, su server, ubicati in Italia, del Titolare e\/o di societ\u00e0 terze incaricate e nominate quali Responsabili del trattamento.&#13;\nIl Titolare non trasferisce i dati al di fuori dello Spazio Economico Europeo.<\/p>\n\n<p><strong>7) Periodo di conservazione dei dati <\/strong><\/p>\n\n<p>I Dati Personali saranno trattati dal Titolare per il tempo necessario alla gestione del rapporto di partecipazione ai FIA. In particolare, i Suoi\/Vostri Dati Personali sono conservati in via generale per un periodo temporale di anni 10 e sei mesi a decorrere dalla chiusura del rapporto contrattuale di cui Lei \u00e8 parte. \u00c8 fatta salva in ogni caso la conservazione dei dati che si renda necessaria ai sensi delle disposizioni normative tempo per tempo applicabili.<\/p>\n\n<p><strong>8) Diritti dell&#8217;interessato<\/strong><\/p>\n\n<p>L\u2019interessato pu\u00f2 esercitare i diritti di cui agli articoli 15 \u2013 22 del Regolamento, e precisamente i diritti di: <\/p>\n\n<ul class=\"wp-block-list\"><li>accesso: l\u2019interessato ha il diritto di ottenere una conferma dal Titolare che sia o meno in corso un trattamento di dati personali che lo riguardano e in tal caso di richiedere l\u2019accesso ai dati personali trattati dal Titolare e ricevere una copia di tali dati e delle altre informazioni riguardanti il trattamento;<\/li><li>rettifica: l\u2019interessato ha il diritto di chiedere la rettifica o l\u2019integrazione dei dati personali incompleti o inesatti in possesso del Titolare;<\/li><li>cancellazione: l\u2019interessato ha il diritto di chiedere la cancellazione o la rimozione dei dati personali in determinate circostanze. Sussistono tuttavia alcune eccezioni in cui il Titolare pu\u00f2 rifiutarsi di soddisfare una richiesta di cancellazione, ad esempio, se i dati personali sono necessari per adempiere ai requisiti di legge o relativamente ai casi di contenzioso;<\/li><li>limitazione del trattamento: l\u2019interessato ha il diritto di chiedere la sospensione del trattamento di determinati dati personali che lo riguardano, ad esempio in caso se ne voglia stabilire l\u2019esattezza o il legittimo motivo del trattamento;<\/li><li>opposizione: l\u2019interessato ha il diritto ad opporsi in qualsiasi momento per motivi connessi alla sua situazione particolare se il trattamento \u00e8 necessario per l\u2019esecuzione di un compito di interesse pubblico o connesso all\u2019esercizio di pubblici poteri di cui \u00e8 investito il titolare del trattamento , ai sensi dell\u2019articolo 6(1)(e) del Regolamento, oppure se il trattamento \u00e8 necessario per il perseguimento del legittimo interesse del titolare del trattamento o di terzi ai sensi dell\u2019articolo 6(1)(f) del Regolamento. Il Titolare deve astenersi dal trattare ulteriormente i dati salvo che dimostri l\u2019esistenza di motivi legittimi cogenti per procedere al trattamento che prevalgono sugli interessi, sui diritti e sulle libert\u00e0 dell\u2019interessato oppure per l\u2019accertamento, l\u2019esercizio o la difesa di un diritto in sede giudiziaria.<\/li><li>diritto alla portabilit\u00e0 dei dati: ovvero il diritto a ricevere in un formato strutturato, di uso comune e leggibile da dispositivo automatico i dati personali che lo riguardano e ha diritto di trasmettere tali dati a un altro titolare del trattamento senza impedimenti da parte del titolare che li ha forniti;<\/li><li>decisioni automatizzate: l\u2019interessato pu\u00f2 contestare qualsiasi decisione automatizzata adottata se essa ha un effetto giuridico o analogamente significativo. Ha diritto ad ottenere informazioni sulla logica utilizzata e le conseguenze previste per una tale tipologia di trattamento, il diritto ad ottenere l\u2019intervento umano da parte del titolare del trattamento e di esprimere la propria opinione sul trattamento effettuato;<\/li><li>diritto di revocare il consenso: il consenso, eventualmente richiesto dal Titolare e prestato dall\u2019interessato, pu\u00f2 essere revocato in qualsiasi momento, senza pregiudicare la liceit\u00e0 del trattamento basata sul consenso prestato prima della revoca.<\/li><\/ul>\n<p><strong>9) Responsabile del trattamento per il riscontro con l\u2019interessato<\/strong><\/p>\n\n<p>Per qualsivoglia chiarimento, nonch\u00e9 al fine di esercitare i diritti elencati nel precedente paragrafo 8 &#8211; ivi compreso il diritto di revocare il consenso eventualmente prestato &#8211; l\u2019interessato potr\u00e0 rivolgersi al Responsabile Compliance pro tempore, dott. Francesco Sirianni, scrivendo una e-mail all\u2019indirizzo di posta: <a href=\"mailto: info@fabricasgr.it\">info@fabricasgr.it<\/a>.<\/p>\n\n<p><strong>10) Presentazione dei reclami<\/strong><\/p>\n\n<p>In relazione a qualunque tipologia di dato trattato dal Titolare, Lei ha il diritto di presentare un reclamo presso l\u2019Autorit\u00e0 Garante per la protezione dei dati personali attraverso il sito <a href=\"http:\/\/www.garanteprivacy.it\" target=\"_blank\" rel=\"noreferrer noopener\" aria-label=\"www.garanteprivacy.it (apre in una nuova scheda)\">www.garanteprivacy.it<\/a>, qualora ritenga che il trattamento dei suoi dati sia contrario alle disposizioni normative di tempo in tempo applicabili.<\/p>\n","protected":false},"excerpt":{"rendered":"<p>INFORMATIVA PRIVACY AI SENSI DEL REGOLAMENTO EUROPEO 2016\/679 DEL 27 APRILE 2016 RELATIVO ALLA PROTEZIONE DEI DATI PERSONALI \u201cGENERAL DATA PROTECTION REGULATION &#8211; GDPR\u201d Informativa \u201cPartecipanti ai Fondi\u201d&#13; Fabrica Immobiliare SGR S.p.A., con sede legale in Roma, via Nazionale, 87, telefono 0694516601, fax 0694516640, e-mail info@fabricasgr.it, (di seguito, il \u201cTitolare\u201d), in qualit\u00e0 di titolare del [&hellip;]<\/p>\n","protected":false},"author":6,"featured_media":0,"parent":0,"menu_order":0,"comment_status":"closed","ping_status":"closed","template":"","meta":{"_acf_changed":false,"footnotes":""},"class_list":["post-1989","page","type-page","status-publish","hentry"],"acf":[],"yoast_head":"<!-- This site is optimized with the Yoast SEO plugin v25.0 - https:\/\/yoast.com\/wordpress\/plugins\/seo\/ -->\n<title>Privacy Policy - Fabrica Immobiliare SGR S.p.A.<\/title>\n<meta name=\"robots\" content=\"index, follow, max-snippet:-1, max-image-preview:large, max-video-preview:-1\" \/>\n<link rel=\"canonical\" href=\"https:\/\/www.fabricasgr.com\/en\/privacy-policy-2\/\" \/>\n<meta property=\"og:locale\" content=\"en_US\" \/>\n<meta property=\"og:type\" content=\"article\" \/>\n<meta property=\"og:title\" content=\"Privacy Policy - Fabrica Immobiliare SGR S.p.A.\" \/>\n<meta property=\"og:description\" content=\"INFORMATIVA PRIVACY AI SENSI DEL REGOLAMENTO EUROPEO 2016\/679 DEL 27 APRILE 2016 RELATIVO ALLA PROTEZIONE DEI DATI PERSONALI \u201cGENERAL DATA PROTECTION REGULATION &#8211; GDPR\u201d Informativa \u201cPartecipanti ai Fondi\u201d&#013; Fabrica Immobiliare SGR S.p.A., con sede legale in Roma, via Nazionale, 87, telefono 0694516601, fax 0694516640, e-mail info@fabricasgr.it, (di seguito, il \u201cTitolare\u201d), in qualit\u00e0 di titolare del [&hellip;]\" \/>\n<meta property=\"og:url\" content=\"https:\/\/www.fabricasgr.com\/en\/privacy-policy-2\/\" \/>\n<meta property=\"og:site_name\" content=\"Fabrica Immobiliare SGR S.p.A.\" \/>\n<meta property=\"article:modified_time\" content=\"2019-11-28T09:47:17+00:00\" \/>\n<meta name=\"twitter:card\" content=\"summary_large_image\" \/>\n<meta name=\"twitter:label1\" content=\"Est. reading time\" \/>\n\t<meta name=\"twitter:data1\" content=\"8 minutes\" \/>\n<script type=\"application\/ld+json\" class=\"yoast-schema-graph\">{\"@context\":\"https:\/\/schema.org\",\"@graph\":[{\"@type\":\"WebPage\",\"@id\":\"https:\/\/www.fabricasgr.com\/en\/privacy-policy-2\/\",\"url\":\"https:\/\/www.fabricasgr.com\/en\/privacy-policy-2\/\",\"name\":\"Privacy Policy - Fabrica Immobiliare SGR S.p.A.\",\"isPartOf\":{\"@id\":\"https:\/\/www.fabricasgr.com\/en\/#website\"},\"datePublished\":\"2019-11-12T10:05:57+00:00\",\"dateModified\":\"2019-11-28T09:47:17+00:00\",\"breadcrumb\":{\"@id\":\"https:\/\/www.fabricasgr.com\/en\/privacy-policy-2\/#breadcrumb\"},\"inLanguage\":\"en-US\",\"potentialAction\":[{\"@type\":\"ReadAction\",\"target\":[\"https:\/\/www.fabricasgr.com\/en\/privacy-policy-2\/\"]}]},{\"@type\":\"BreadcrumbList\",\"@id\":\"https:\/\/www.fabricasgr.com\/en\/privacy-policy-2\/#breadcrumb\",\"itemListElement\":[{\"@type\":\"ListItem\",\"position\":1,\"name\":\"Home\",\"item\":\"https:\/\/www.fabricasgr.com\/\"},{\"@type\":\"ListItem\",\"position\":2,\"name\":\"Privacy Policy\"}]},{\"@type\":\"WebSite\",\"@id\":\"https:\/\/www.fabricasgr.com\/en\/#website\",\"url\":\"https:\/\/www.fabricasgr.com\/en\/\",\"name\":\"Fabrica Immobiliare SGR S.p.A.\",\"description\":\"Soluzioni tailor made per investitori istituzionali\",\"potentialAction\":[{\"@type\":\"SearchAction\",\"target\":{\"@type\":\"EntryPoint\",\"urlTemplate\":\"https:\/\/www.fabricasgr.com\/en\/?s={search_term_string}\"},\"query-input\":{\"@type\":\"PropertyValueSpecification\",\"valueRequired\":true,\"valueName\":\"search_term_string\"}}],\"inLanguage\":\"en-US\"}]}<\/script>\n<!-- \/ Yoast SEO plugin. -->","yoast_head_json":{"title":"Privacy Policy - Fabrica Immobiliare SGR S.p.A.","robots":{"index":"index","follow":"follow","max-snippet":"max-snippet:-1","max-image-preview":"max-image-preview:large","max-video-preview":"max-video-preview:-1"},"canonical":"https:\/\/www.fabricasgr.com\/en\/privacy-policy-2\/","og_locale":"en_US","og_type":"article","og_title":"Privacy Policy - Fabrica Immobiliare SGR S.p.A.","og_description":"INFORMATIVA PRIVACY AI SENSI DEL REGOLAMENTO EUROPEO 2016\/679 DEL 27 APRILE 2016 RELATIVO ALLA PROTEZIONE DEI DATI PERSONALI \u201cGENERAL DATA PROTECTION REGULATION &#8211; GDPR\u201d Informativa \u201cPartecipanti ai Fondi\u201d&#13; Fabrica Immobiliare SGR S.p.A., con sede legale in Roma, via Nazionale, 87, telefono 0694516601, fax 0694516640, e-mail info@fabricasgr.it, (di seguito, il \u201cTitolare\u201d), in qualit\u00e0 di titolare del [&hellip;]","og_url":"https:\/\/www.fabricasgr.com\/en\/privacy-policy-2\/","og_site_name":"Fabrica Immobiliare SGR S.p.A.","article_modified_time":"2019-11-28T09:47:17+00:00","twitter_card":"summary_large_image","twitter_misc":{"Est. reading time":"8 minutes"},"schema":{"@context":"https:\/\/schema.org","@graph":[{"@type":"WebPage","@id":"https:\/\/www.fabricasgr.com\/en\/privacy-policy-2\/","url":"https:\/\/www.fabricasgr.com\/en\/privacy-policy-2\/","name":"Privacy Policy - Fabrica Immobiliare SGR S.p.A.","isPartOf":{"@id":"https:\/\/www.fabricasgr.com\/en\/#website"},"datePublished":"2019-11-12T10:05:57+00:00","dateModified":"2019-11-28T09:47:17+00:00","breadcrumb":{"@id":"https:\/\/www.fabricasgr.com\/en\/privacy-policy-2\/#breadcrumb"},"inLanguage":"en-US","potentialAction":[{"@type":"ReadAction","target":["https:\/\/www.fabricasgr.com\/en\/privacy-policy-2\/"]}]},{"@type":"BreadcrumbList","@id":"https:\/\/www.fabricasgr.com\/en\/privacy-policy-2\/#breadcrumb","itemListElement":[{"@type":"ListItem","position":1,"name":"Home","item":"https:\/\/www.fabricasgr.com\/"},{"@type":"ListItem","position":2,"name":"Privacy Policy"}]},{"@type":"WebSite","@id":"https:\/\/www.fabricasgr.com\/en\/#website","url":"https:\/\/www.fabricasgr.com\/en\/","name":"Fabrica Immobiliare SGR S.p.A.","description":"Soluzioni tailor made per investitori istituzionali","potentialAction":[{"@type":"SearchAction","target":{"@type":"EntryPoint","urlTemplate":"https:\/\/www.fabricasgr.com\/en\/?s={search_term_string}"},"query-input":{"@type":"PropertyValueSpecification","valueRequired":true,"valueName":"search_term_string"}}],"inLanguage":"en-US"}]}},"_links":{"self":[{"href":"https:\/\/www.fabricasgr.com\/en\/wp-json\/wp\/v2\/pages\/1989","targetHints":{"allow":["GET"]}}],"collection":[{"href":"https:\/\/www.fabricasgr.com\/en\/wp-json\/wp\/v2\/pages"}],"about":[{"href":"https:\/\/www.fabricasgr.com\/en\/wp-json\/wp\/v2\/types\/page"}],"author":[{"embeddable":true,"href":"https:\/\/www.fabricasgr.com\/en\/wp-json\/wp\/v2\/users\/6"}],"replies":[{"embeddable":true,"href":"https:\/\/www.fabricasgr.com\/en\/wp-json\/wp\/v2\/comments?post=1989"}],"version-history":[{"count":4,"href":"https:\/\/www.fabricasgr.com\/en\/wp-json\/wp\/v2\/pages\/1989\/revisions"}],"predecessor-version":[{"id":13273,"href":"https:\/\/www.fabricasgr.com\/en\/wp-json\/wp\/v2\/pages\/1989\/revisions\/13273"}],"wp:attachment":[{"href":"https:\/\/www.fabricasgr.com\/en\/wp-json\/wp\/v2\/media?parent=1989"}],"curies":[{"name":"wp","href":"https:\/\/api.w.org\/{rel}","templated":true}]}}