{"id":17388,"date":"2024-12-23T14:59:21","date_gmt":"2024-12-23T13:59:21","guid":{"rendered":"https:\/\/www.fabricasgr.com\/?page_id=17388"},"modified":"2024-12-23T15:29:56","modified_gmt":"2024-12-23T14:29:56","slug":"informativa-sulla-sostenibilita-del-fondo-aristotele-student","status":"publish","type":"page","link":"https:\/\/www.fabricasgr.com\/en\/informativa-sulla-sostenibilita-del-fondo-aristotele-student\/","title":{"rendered":"Informativa sulla Sostenibilit\u00e0 del Fondo Aristotele Student"},"content":{"rendered":"\n<p class=\"has-text-align-center\"><strong>SFDR (Sustainable Finance Disclosure Regulation) &#8211; <em>Informativa ex Art. 10 del Regolamento (UE) 2019\/2088 &#8211; Trasparenza della promozione delle caratteristiche ambientali o sociali sui siti web<\/em><\/strong><\/p>\n\n\n\n<p class=\"has-text-align-center\"><em>Ultimo aggiornamento: 13 novembre 2023<\/em><\/p>\n\n\n\n<p style=\"font-size:16px\">Il Regolamento (UE) 2019\/2088 (il \u201c<strong>Regolamento SFDR<\/strong>\u201d) relativo all\u2019informativa sulla sostenibilit\u00e0 nel settore dei servizi finanziari, mira a rendere omogenee le informazioni nei confronti degli investitori finali sui rischi di sostenibilit\u00e0 e sulla promozione dei fattori ESG (<em>Environment<\/em>, <em>Social<\/em>, <em>Governance<\/em>) nelle attivit\u00e0 di investimento finanziario, ponendo a carico dei partecipanti ai mercati finanziari e dei consulenti finanziari l\u2019obbligo di informare in via precontrattuale e continuativa gli investitori finali.<\/p>\n\n\n\n<p style=\"font-size:16px\">Fabrica Immobiliare SGR S.p.A. (\u201c<strong>Fabrica SGR<\/strong>\u201d o la \u201c<strong>SGR<\/strong>\u201d), in qualit\u00e0 di partecipante ai mercati finanziari, ha predisposto un\u2019apposita informativa, disponibile sul sito <em>web<\/em> della SGR alla pagina <a href=\"https:\/\/www.fabricasgr.com\/approccio-esg\/\">\u00ab<strong>Sostenibilit\u00e0<\/strong>\u00bb<\/a>.<\/p>\n\n\n\n<p style=\"font-size:16px\">Di seguito viene dettagliata l\u2019informativa relativa al fondo alternativo immobiliare riservato di diritto italiano, denominato \u201c<strong>Aristotele Student<\/strong>\u201d (il \u201c<strong>Fondo<\/strong>\u201d), istituito e gestito dalla SGR; il Fondo rientra tra i prodotti di cui all\u2019art. 8 del Regolamento SFDR, ossia tra i prodotti finanziari che promuovono caratteristiche ambientali e sociali, senza avere come obiettivo un investimento sostenibile.<\/p>\n\n\n\n<ol style=\"list-style-type:lower-alpha\" class=\"wp-block-list\">\n<li style=\"font-size:16px\"><strong>Sintesi<\/strong><\/li>\n<\/ol>\n\n\n\n<figure class=\"wp-block-image size-large is-resized\"><img loading=\"lazy\" decoding=\"async\" width=\"753\" height=\"1024\" src=\"https:\/\/www.fabricasgr.com\/wp-content\/uploads\/2024\/12\/info-sostenib-Aristotele-Student-2-753x1024.jpg\" alt=\"\" class=\"wp-image-17407\" style=\"width:840px;height:auto\" srcset=\"https:\/\/www.fabricasgr.com\/wp-content\/uploads\/2024\/12\/info-sostenib-Aristotele-Student-2-753x1024.jpg 753w, https:\/\/www.fabricasgr.com\/wp-content\/uploads\/2024\/12\/info-sostenib-Aristotele-Student-2-221x300.jpg 221w, https:\/\/www.fabricasgr.com\/wp-content\/uploads\/2024\/12\/info-sostenib-Aristotele-Student-2-768x1044.jpg 768w, https:\/\/www.fabricasgr.com\/wp-content\/uploads\/2024\/12\/info-sostenib-Aristotele-Student-2.jpg 956w\" sizes=\"auto, (max-width: 753px) 100vw, 753px\" \/><\/figure>\n\n\n\n<p><\/p>\n\n\n\n<p style=\"font-size:16px\">b. <strong>Nessun obiettivo di investimento sostenibile<\/strong><\/p>\n\n\n\n<p style=\"font-size:16px\">Il Fondo Aristotele Student promuove caratteristiche ambientali e sociali, ma non ha come obiettivo un investimento sostenibile.<\/p>\n\n\n\n<p style=\"font-size:16px\">c. <strong>Caratteristiche ambientali o sociali del Fondo<\/strong><\/p>\n\n\n\n<p style=\"font-size:16px\">Il Fondo promuove caratteristiche ambientali e sociali mediante investimenti immobiliari che contribuiscono \u2013 in linea con gli obiettivi di sviluppo sostenibile delle Nazioni Unite (UN SDGs n. 1 &#8211; No Povert\u00e0 e n. 11 &#8211; Citt\u00e0 e Comunit\u00e0 sostenibili) e a supporto del Pilastro Sociale Europeo (Capo I &#8211; Istruzione, formazione e apprendimento permanente e Capo III \u2013 Protezione sociale e inclusione, punto n. 19 \u2013 \u201cAlloggi e assistenza per i senzatetto\u201d) \u2013 ad accrescere la disponibilit\u00e0, sul territorio della Repubblica Italiana, di alloggi destinati a studentati e residenze temporanee, nonch\u00e9 ad ampliare la possibilit\u00e0 dei beneficiari finali (in via prevalente studenti fuori sede) di accedere ad abitazioni adeguate e sicure, realizzate secondo principi di sostenibilit\u00e0 ambientale e di risparmio energetico, per costruire dei luoghi di aggregazione dei giovani che lavorano o studiano.<\/p>\n\n\n\n<p style=\"font-size:16px\">Il Fondo, pertanto, contribuisce a ridurre la carenza strutturale di alloggi per studenti fuorisede e a rafforzare l\u2019attrattivit\u00e0 internazionale degli atenei sul territorio nazionale, promuovendo le seguenti caratteristiche sociali:<\/p>\n\n\n\n<ul class=\"wp-block-list\">\n<li style=\"font-size:16px\">realizzazione\/ampliamento di alloggi e residenze per studenti universitari sul territorio nazionale;<\/li>\n\n\n\n<li style=\"font-size:16px\">contribuire al benessere e alla coesione e integrazione sociale;<\/li>\n<\/ul>\n\n\n\n<p style=\"font-size:16px\">e promuovendo le seguenti caratteristiche ambientali:<\/p>\n\n\n\n<ul class=\"wp-block-list\">\n<li style=\"font-size:16px\">efficienza energetica;<\/li>\n\n\n\n<li style=\"font-size:16px\">recupero di superfici edificate;<\/li>\n\n\n\n<li style=\"font-size:16px\">riduzione dell\u2019uso di combustibili fossili (con esclusione di attivit\u00e0 legate al settore dei combustibili fossili).<\/li>\n<\/ul>\n\n\n\n<p style=\"font-size:16px\">d. <strong>Strategia di investimento<\/strong><\/p>\n\n\n\n<p style=\"font-size:16px\">La strategia di investimento del Fondo \u00e8 incentrata sulla selezione di investimenti immobiliari che, in linea con le caratteristiche ambientali e sociali promosse, presentano predefiniti requisiti in termini di: <em>(a)<\/em> destinazione d\u2019uso dell\u2019<em>asset<\/em> (residenziale \u201c<em>Student Housing<\/em>\u201d), <em>(b)<\/em> tipologia di destinatari finali (in via prevalente, studenti fuori sede), <em>(c)<\/em> qualit\u00e0 dei prestatori dei servizi; <em>(d)<\/em> prestazione energetica dei progetti immobiliari.<\/p>\n\n\n\n<p style=\"font-size:16px\">In tale ottica, la SGR valuta la performance ESG del Fondo, in relazione alle caratteristiche ambientali e sociali promosse, tramite criteri di individuazione e monitoraggio specifici e un apposito <em>set<\/em> di indicatori quali-quantitativi valutati in tutto il processo di investimento: acquisizione, sviluppo e riqualifica, gestione e disinvestimento. In particolare, i predetti indicatori sono articolati sui seguenti ambiti:<\/p>\n\n\n\n<ul class=\"wp-block-list\">\n<li style=\"font-size:16px\">per le <em>caratteristiche sociali promosse<\/em>: <em>(i)<\/em> realizzare\/ampliare gli alloggi e le residenze per studenti universitari sul territorio nazionale; <em>(ii)<\/em> contribuire al benessere e alla coesione e integrazione sociale.<\/li>\n\n\n\n<li style=\"font-size:16px\">per le <em>caratteristiche ambientali promosse<\/em>: <em>(i)<\/em> efficienza energetica; <em>(ii)<\/em> recupero di superfici edificate; <em>(iii)<\/em> riduzione dell\u2019uso di combustibili fossili (con esclusione di attivit\u00e0 legate al settore dei combustibili fossili).<\/li>\n<\/ul>\n\n\n\n<p style=\"font-size:16px\">Inoltre, la SGR, in conformit\u00e0 agli obblighi di cui all\u2019articolo 6 del Regolamento (UE) 2019\/2088, ha integrato i rischi di sostenibilit\u00e0 nel processo decisionale di investimento del Fondo, sia in fase di selezione degli investimenti sia su base continuativa per la gestione degli investimenti in portafoglio.<\/p>\n\n\n\n<p style=\"font-size:16px\">Pi\u00f9 in particolare, l\u2019integrazione dei rischi di sostenibilit\u00e0 prevede la conduzione, per le nuove iniziative, di una specifica attivit\u00e0 di <em>due diligence<\/em> ESG pre-acquisitiva, al fine di raccogliere e valutare le informazioni afferenti la tematica della sostenibilit\u00e0, integrando fattori di rischio e impatti sul rendimento fin dalla fase di valutazione iniziale dei nuovi investimenti. Le risultanze della <em>due diligence<\/em> ESG concorrono alla decisione di non procedere con l\u2019operazione di investimento.<\/p>\n\n\n\n<p style=\"font-size:16px\">e. <strong>Quota degli investimenti<\/strong><\/p>\n\n\n\n<p style=\"font-size:16px\">Il Fondo seleziona, in misura non inferiore all\u201980% del valore complessivo dello stesso, investimenti immobiliari che realizzano le caratteristiche ambientali e sociali promosse.<\/p>\n\n\n\n<p style=\"font-size:16px\">La rimanente quota (pari al massimo al 20% del patrimonio del Fondo) \u00e8 allocata con finalit\u00e0 di investimento e gestione della liquidit\u00e0 o dei rischi.<\/p>\n\n\n\n<p style=\"font-size:16px\">Il Fondo pu\u00f2 utilizzare strumenti derivati esclusivamente per finalit\u00e0 di copertura. L\u2019utilizzo dei derivati non disattende il perseguimento delle citate caratteristiche ambientali e sociali.<\/p>\n\n\n\n<p style=\"font-size:16px\">f. <strong>Monitoraggio delle caratteristiche ambientali o sociali<\/strong><\/p>\n\n\n\n<p style=\"font-size:16px\">Il raggiungimento delle caratteristiche ambientali e sociali promosse dal Fondo \u00e8 valutato in ognuna delle fasi gestorie, ossia: in fase di investimento, di riqualificazione, di gestione\/locazione. Il raggiungimento delle caratteristiche ambientali e sociali promosse dal Fondo \u00e8 altres\u00ec monitorato, su base continuativa, dalle competenti strutture della SGR attraverso alcuni <em>driver<\/em> \/ indicatori di sostenibilit\u00e0, definiti in coerenza con le caratteristiche ambientali e sociali promosse dal Fondo.<\/p>\n\n\n\n<p style=\"font-size:16px\">Il Fondo, inoltre, sar\u00e0 sottoposto annualmente a <em>rating<\/em> di sostenibilit\u00e0 (GRESB \u2013 <em>Global Real Estate Sustainability Benchmark<\/em>).<\/p>\n\n\n\n<p style=\"font-size:16px\">g. <strong>Metodologie<\/strong><\/p>\n\n\n\n<p style=\"font-size:16px\">Il rispetto delle caratteristiche ambientali e sociali promosse dal Fondo \u00e8 valutato tramite appositi indicatori articolati nei seguenti ambiti: <em><\/em><\/p>\n\n\n\n<ul class=\"wp-block-list\">\n<li style=\"font-size:16px\">per le <em>caratteristiche sociali promosse<\/em>: <em>(i)<\/em> realizzare\/ampliare alloggi e residenze per studenti universitari sul territorio nazionale; <em>(ii)<\/em> contribuire al benessere e alla coesione e integrazione sociale.<\/li>\n\n\n\n<li style=\"font-size:16px\">per le <em>caratteristiche ambientali promosse<\/em>: <em>(i)<\/em> efficienza energetica; <em>(ii)<\/em> recupero di superfici edificate; <em>(iii)<\/em> riduzione dell\u2019uso di combustibili fossili (con esclusione di attivit\u00e0 legate al settore dei combustibili fossili).<\/li>\n<\/ul>\n\n\n\n<p style=\"font-size:16px\">La SGR seleziona gli investimenti nel rispetto del Regolamento del Fondo e delle procedure interne di cui la stessa si \u00e8 dotata. Il monitoraggio del rispetto delle caratteristiche ambientali e sociali del prodotto finanziario \u00e8 realizzato in via continuativa sulla base degli indicatori di sostenibilit\u00e0 del Fondo. La raccolta dei dati necessari \u00e8 affidata al <em>Fund Manager<\/em> del Fondo interessato, il quale riceve periodicamente i dati rilevanti dal <em>Facility\/Property manager<\/em>. I dati raccolti sono elaborati dalla SGR autonomamente con la supervisione dell\u2019ESG <em>Manager<\/em>.<\/p>\n\n\n\n<p style=\"font-size:16px\">h. <strong>Fonti e trattamento dei dati<\/strong><\/p>\n\n\n\n<p style=\"font-size:16px\">La SGR raccoglie i dati anche attraverso il supporto di soggetti terzi (<em>in primis<\/em> il <em>Facility\/Property manager<\/em> del Fondo). I dati vengono poi sottoposti a controllo e rielaborazione interna alla SGR, per la successiva pubblicazione. Nessuno dei dati riportati \u00e8 stimato.<\/p>\n\n\n\n<p style=\"font-size:16px\">i. <strong>Limitazioni delle metodologie e dei dati<\/strong><\/p>\n\n\n\n<p style=\"font-size:16px\">La principale limitazione della metodologia utilizzata, e conseguentemente dei dati raccolti, \u00e8 relativa al fatto che la raccolta dati \u00e8 indiretta in quanto affidata a soggetti terzi (<em>Facility\/Property manager<\/em> del Fondo). La SGR si \u00e8 dotata di un apposito <em>corpus<\/em> normativo interno e appositi presidi organizzativi e di controllo, affinch\u00e9 tale limitazione non influisca sulle caratteristiche ambientali e sociali del prodotto finanziario. Inoltre, si evidenzia che, nel contesto del settore immobiliare e finanziario, non esistono metodologie consolidate e standardizzate di valutazione delle <em>performance<\/em> sociali degli immobili e che le prassi di mercato in relazione a tali aspetti sono ancora in corso di consolidamento alla luce dell\u2019attuale quadro normativo. La SGR mantiene, tuttavia, un approccio proattivo nella definizione e nell\u2019aggiornamento degli indicatori e delle metriche sulle caratteristiche ambientali e sociali promosse dal Fondo.<\/p>\n\n\n\n<p style=\"font-size:16px\">j. <strong>Dovuta diligenza<\/strong><\/p>\n\n\n\n<p style=\"font-size:16px\">La SGR svolge attivit\u00e0 di dovuta diligenza sugli attivi sottostanti del Fondo, attraverso il rispetto delle norme interne, nonch\u00e9 la supervisione della selezione di nuovi investimenti ed il monitoraggio degli investimenti esistenti da parte delle aree di <em>business<\/em>, dell\u2019ESG <em>management<\/em> e delle funzioni di controllo. La SGR svolge attivit\u00e0 di <em>due diligence<\/em> tecnica, legale e di sostenibilit\u00e0 per ogni investimento del Fondo, anche potenziale.<\/p>\n\n\n\n<p style=\"font-size:16px\">k. <strong>Politiche di impegno<\/strong><\/p>\n\n\n\n<p style=\"font-size:16px\">La strategia di investimento del Fondo non prevede l&#8217;impegno a ridurre di un tasso minimo la portata degli investimenti.<\/p>\n\n\n\n<p style=\"font-size:16px\">l. <strong>Indice di riferimento designato<\/strong><\/p>\n\n\n\n<p style=\"font-size:16px\">Non \u00e8 stato designato un indice di riferimento per le caratteristiche ambientali e sociali promosse dal Fondo.<\/p>\n\n\n\n<p style=\"font-size:16px\"><em>Le informazioni relative alla misura in cui le caratteristiche ambientali e sociali sono conseguite sono rese nelle relazioni annuali del Fondo.<\/em><\/p>\n\n\n\n<p style=\"font-size:16px\"><\/p>\n","protected":false},"excerpt":{"rendered":"<p>SFDR (Sustainable Finance Disclosure Regulation) &#8211; Informativa ex Art. 10 del Regolamento (UE) 2019\/2088 &#8211; Trasparenza della promozione delle caratteristiche ambientali o sociali sui siti web Ultimo aggiornamento: 13 novembre 2023 Il Regolamento (UE) 2019\/2088 (il \u201cRegolamento SFDR\u201d) relativo all\u2019informativa sulla sostenibilit\u00e0 nel settore dei servizi finanziari, mira a rendere omogenee le informazioni nei confronti [&hellip;]<\/p>\n","protected":false},"author":6,"featured_media":14948,"parent":0,"menu_order":0,"comment_status":"closed","ping_status":"closed","template":"","meta":{"_acf_changed":false,"footnotes":""},"class_list":["post-17388","page","type-page","status-publish","has-post-thumbnail","hentry"],"acf":[],"yoast_head":"<!-- This site is optimized with the Yoast SEO plugin v25.0 - https:\/\/yoast.com\/wordpress\/plugins\/seo\/ -->\n<title>Informativa sulla Sostenibilit\u00e0 del Fondo Aristotele Student - Fabrica Immobiliare SGR S.p.A.<\/title>\n<meta name=\"robots\" content=\"index, follow, max-snippet:-1, max-image-preview:large, max-video-preview:-1\" \/>\n<link rel=\"canonical\" href=\"https:\/\/www.fabricasgr.com\/informativa-sulla-sostenibilita-del-fondo-aristotele-student\/\" \/>\n<meta property=\"og:locale\" content=\"en_US\" \/>\n<meta property=\"og:type\" content=\"article\" \/>\n<meta property=\"og:title\" content=\"Informativa sulla Sostenibilit\u00e0 del Fondo Aristotele Student - Fabrica Immobiliare SGR S.p.A.\" \/>\n<meta property=\"og:description\" content=\"SFDR (Sustainable Finance Disclosure Regulation) &#8211; Informativa ex Art. 10 del Regolamento (UE) 2019\/2088 &#8211; Trasparenza della promozione delle caratteristiche ambientali o sociali sui siti web Ultimo aggiornamento: 13 novembre 2023 Il Regolamento (UE) 2019\/2088 (il \u201cRegolamento SFDR\u201d) relativo all\u2019informativa sulla sostenibilit\u00e0 nel settore dei servizi finanziari, mira a rendere omogenee le informazioni nei confronti [&hellip;]\" \/>\n<meta property=\"og:url\" content=\"https:\/\/www.fabricasgr.com\/informativa-sulla-sostenibilita-del-fondo-aristotele-student\/\" \/>\n<meta property=\"og:site_name\" content=\"Fabrica Immobiliare SGR S.p.A.\" \/>\n<meta property=\"article:modified_time\" content=\"2024-12-23T14:29:56+00:00\" \/>\n<meta property=\"og:image\" content=\"https:\/\/www.fabricasgr.com\/wp-content\/uploads\/2021\/04\/1.jpg\" \/>\n\t<meta property=\"og:image:width\" content=\"2000\" \/>\n\t<meta property=\"og:image:height\" content=\"1333\" \/>\n\t<meta property=\"og:image:type\" content=\"image\/jpeg\" \/>\n<meta name=\"twitter:card\" content=\"summary_large_image\" \/>\n<meta name=\"twitter:label1\" content=\"Est. reading time\" \/>\n\t<meta name=\"twitter:data1\" content=\"8 minutes\" \/>\n<script type=\"application\/ld+json\" class=\"yoast-schema-graph\">{\"@context\":\"https:\/\/schema.org\",\"@graph\":[{\"@type\":\"WebPage\",\"@id\":\"https:\/\/www.fabricasgr.com\/informativa-sulla-sostenibilita-del-fondo-aristotele-student\/\",\"url\":\"https:\/\/www.fabricasgr.com\/informativa-sulla-sostenibilita-del-fondo-aristotele-student\/\",\"name\":\"Informativa sulla Sostenibilit\u00e0 del Fondo Aristotele Student - Fabrica Immobiliare SGR S.p.A.\",\"isPartOf\":{\"@id\":\"https:\/\/www.fabricasgr.com\/en\/#website\"},\"primaryImageOfPage\":{\"@id\":\"https:\/\/www.fabricasgr.com\/informativa-sulla-sostenibilita-del-fondo-aristotele-student\/#primaryimage\"},\"image\":{\"@id\":\"https:\/\/www.fabricasgr.com\/informativa-sulla-sostenibilita-del-fondo-aristotele-student\/#primaryimage\"},\"thumbnailUrl\":\"https:\/\/www.fabricasgr.com\/wp-content\/uploads\/2021\/04\/1.jpg\",\"datePublished\":\"2024-12-23T13:59:21+00:00\",\"dateModified\":\"2024-12-23T14:29:56+00:00\",\"breadcrumb\":{\"@id\":\"https:\/\/www.fabricasgr.com\/informativa-sulla-sostenibilita-del-fondo-aristotele-student\/#breadcrumb\"},\"inLanguage\":\"en-US\",\"potentialAction\":[{\"@type\":\"ReadAction\",\"target\":[\"https:\/\/www.fabricasgr.com\/informativa-sulla-sostenibilita-del-fondo-aristotele-student\/\"]}]},{\"@type\":\"ImageObject\",\"inLanguage\":\"en-US\",\"@id\":\"https:\/\/www.fabricasgr.com\/informativa-sulla-sostenibilita-del-fondo-aristotele-student\/#primaryimage\",\"url\":\"https:\/\/www.fabricasgr.com\/wp-content\/uploads\/2021\/04\/1.jpg\",\"contentUrl\":\"https:\/\/www.fabricasgr.com\/wp-content\/uploads\/2021\/04\/1.jpg\",\"width\":2000,\"height\":1333},{\"@type\":\"BreadcrumbList\",\"@id\":\"https:\/\/www.fabricasgr.com\/informativa-sulla-sostenibilita-del-fondo-aristotele-student\/#breadcrumb\",\"itemListElement\":[{\"@type\":\"ListItem\",\"position\":1,\"name\":\"Home\",\"item\":\"https:\/\/www.fabricasgr.com\/\"},{\"@type\":\"ListItem\",\"position\":2,\"name\":\"Informativa sulla Sostenibilit\u00e0 del Fondo Aristotele Student\"}]},{\"@type\":\"WebSite\",\"@id\":\"https:\/\/www.fabricasgr.com\/en\/#website\",\"url\":\"https:\/\/www.fabricasgr.com\/en\/\",\"name\":\"Fabrica Immobiliare SGR S.p.A.\",\"description\":\"Soluzioni tailor made per investitori istituzionali\",\"potentialAction\":[{\"@type\":\"SearchAction\",\"target\":{\"@type\":\"EntryPoint\",\"urlTemplate\":\"https:\/\/www.fabricasgr.com\/en\/?s={search_term_string}\"},\"query-input\":{\"@type\":\"PropertyValueSpecification\",\"valueRequired\":true,\"valueName\":\"search_term_string\"}}],\"inLanguage\":\"en-US\"}]}<\/script>\n<!-- \/ Yoast SEO plugin. -->","yoast_head_json":{"title":"Informativa sulla Sostenibilit\u00e0 del Fondo Aristotele Student - Fabrica Immobiliare SGR S.p.A.","robots":{"index":"index","follow":"follow","max-snippet":"max-snippet:-1","max-image-preview":"max-image-preview:large","max-video-preview":"max-video-preview:-1"},"canonical":"https:\/\/www.fabricasgr.com\/informativa-sulla-sostenibilita-del-fondo-aristotele-student\/","og_locale":"en_US","og_type":"article","og_title":"Informativa sulla Sostenibilit\u00e0 del Fondo Aristotele Student - Fabrica Immobiliare SGR S.p.A.","og_description":"SFDR (Sustainable Finance Disclosure Regulation) &#8211; Informativa ex Art. 10 del Regolamento (UE) 2019\/2088 &#8211; Trasparenza della promozione delle caratteristiche ambientali o sociali sui siti web Ultimo aggiornamento: 13 novembre 2023 Il Regolamento (UE) 2019\/2088 (il \u201cRegolamento SFDR\u201d) relativo all\u2019informativa sulla sostenibilit\u00e0 nel settore dei servizi finanziari, mira a rendere omogenee le informazioni nei confronti [&hellip;]","og_url":"https:\/\/www.fabricasgr.com\/informativa-sulla-sostenibilita-del-fondo-aristotele-student\/","og_site_name":"Fabrica Immobiliare SGR S.p.A.","article_modified_time":"2024-12-23T14:29:56+00:00","og_image":[{"width":2000,"height":1333,"url":"https:\/\/www.fabricasgr.com\/wp-content\/uploads\/2021\/04\/1.jpg","type":"image\/jpeg"}],"twitter_card":"summary_large_image","twitter_misc":{"Est. reading time":"8 minutes"},"schema":{"@context":"https:\/\/schema.org","@graph":[{"@type":"WebPage","@id":"https:\/\/www.fabricasgr.com\/informativa-sulla-sostenibilita-del-fondo-aristotele-student\/","url":"https:\/\/www.fabricasgr.com\/informativa-sulla-sostenibilita-del-fondo-aristotele-student\/","name":"Informativa sulla Sostenibilit\u00e0 del Fondo Aristotele Student - Fabrica Immobiliare SGR S.p.A.","isPartOf":{"@id":"https:\/\/www.fabricasgr.com\/en\/#website"},"primaryImageOfPage":{"@id":"https:\/\/www.fabricasgr.com\/informativa-sulla-sostenibilita-del-fondo-aristotele-student\/#primaryimage"},"image":{"@id":"https:\/\/www.fabricasgr.com\/informativa-sulla-sostenibilita-del-fondo-aristotele-student\/#primaryimage"},"thumbnailUrl":"https:\/\/www.fabricasgr.com\/wp-content\/uploads\/2021\/04\/1.jpg","datePublished":"2024-12-23T13:59:21+00:00","dateModified":"2024-12-23T14:29:56+00:00","breadcrumb":{"@id":"https:\/\/www.fabricasgr.com\/informativa-sulla-sostenibilita-del-fondo-aristotele-student\/#breadcrumb"},"inLanguage":"en-US","potentialAction":[{"@type":"ReadAction","target":["https:\/\/www.fabricasgr.com\/informativa-sulla-sostenibilita-del-fondo-aristotele-student\/"]}]},{"@type":"ImageObject","inLanguage":"en-US","@id":"https:\/\/www.fabricasgr.com\/informativa-sulla-sostenibilita-del-fondo-aristotele-student\/#primaryimage","url":"https:\/\/www.fabricasgr.com\/wp-content\/uploads\/2021\/04\/1.jpg","contentUrl":"https:\/\/www.fabricasgr.com\/wp-content\/uploads\/2021\/04\/1.jpg","width":2000,"height":1333},{"@type":"BreadcrumbList","@id":"https:\/\/www.fabricasgr.com\/informativa-sulla-sostenibilita-del-fondo-aristotele-student\/#breadcrumb","itemListElement":[{"@type":"ListItem","position":1,"name":"Home","item":"https:\/\/www.fabricasgr.com\/"},{"@type":"ListItem","position":2,"name":"Informativa sulla Sostenibilit\u00e0 del Fondo Aristotele Student"}]},{"@type":"WebSite","@id":"https:\/\/www.fabricasgr.com\/en\/#website","url":"https:\/\/www.fabricasgr.com\/en\/","name":"Fabrica Immobiliare SGR S.p.A.","description":"Soluzioni tailor made per investitori istituzionali","potentialAction":[{"@type":"SearchAction","target":{"@type":"EntryPoint","urlTemplate":"https:\/\/www.fabricasgr.com\/en\/?s={search_term_string}"},"query-input":{"@type":"PropertyValueSpecification","valueRequired":true,"valueName":"search_term_string"}}],"inLanguage":"en-US"}]}},"_links":{"self":[{"href":"https:\/\/www.fabricasgr.com\/en\/wp-json\/wp\/v2\/pages\/17388","targetHints":{"allow":["GET"]}}],"collection":[{"href":"https:\/\/www.fabricasgr.com\/en\/wp-json\/wp\/v2\/pages"}],"about":[{"href":"https:\/\/www.fabricasgr.com\/en\/wp-json\/wp\/v2\/types\/page"}],"author":[{"embeddable":true,"href":"https:\/\/www.fabricasgr.com\/en\/wp-json\/wp\/v2\/users\/6"}],"replies":[{"embeddable":true,"href":"https:\/\/www.fabricasgr.com\/en\/wp-json\/wp\/v2\/comments?post=17388"}],"version-history":[{"count":11,"href":"https:\/\/www.fabricasgr.com\/en\/wp-json\/wp\/v2\/pages\/17388\/revisions"}],"predecessor-version":[{"id":17412,"href":"https:\/\/www.fabricasgr.com\/en\/wp-json\/wp\/v2\/pages\/17388\/revisions\/17412"}],"wp:featuredmedia":[{"embeddable":true,"href":"https:\/\/www.fabricasgr.com\/en\/wp-json\/wp\/v2\/media\/14948"}],"wp:attachment":[{"href":"https:\/\/www.fabricasgr.com\/en\/wp-json\/wp\/v2\/media?parent=17388"}],"curies":[{"name":"wp","href":"https:\/\/api.w.org\/{rel}","templated":true}]}}