{"id":16014,"date":"2023-02-03T16:31:29","date_gmt":"2023-02-03T15:31:29","guid":{"rendered":"https:\/\/www.fabricasgr.com\/?page_id=16014"},"modified":"2023-03-30T17:31:24","modified_gmt":"2023-03-30T15:31:24","slug":"informativa-sulla-sostenibilita-del-fondo-erasmo","status":"publish","type":"page","link":"https:\/\/www.fabricasgr.com\/en\/informativa-sulla-sostenibilita-del-fondo-erasmo\/","title":{"rendered":"Informativa sulla Sostenibilit\u00e0 del Fondo Erasmo"},"content":{"rendered":"\n<p class=\"has-text-align-center\"><strong>SFDR (Sustainable Finance Disclosure Regulation) &#8211; <em>Informativa ex Art. 10 Regolamento (UE) 2019\/2088 &#8211; Trasparenza della promozione delle caratteristiche ambientali o sociali sui siti web<br><br><\/em><\/strong><em>Ultimo aggiornamento: 25 gennaio 2023<\/em><\/p>\n\n\n\n<p>Il Regolamento (UE) 2019\/2088 (il \u201c<strong>Regolamento SFDR<\/strong>\u201d) relativo all\u2019informativa sulla sostenibilit\u00e0 nel settore dei servizi finanziari, mira a rendere omogenee le informazioni nei confronti degli investitori finali sui rischi di sostenibilit\u00e0 e sulla promozione dei fattori ESG (<em>Environment<\/em>, <em>Social<\/em>, <em>Governance<\/em>) nelle attivit\u00e0 di investimento finanziario, ponendo a carico dei partecipanti ai mercati finanziari e dei consulenti finanziari l\u2019obbligo di informare in via precontrattuale e continuativa gli investitori finali.<\/p>\n\n\n\n<p>Fabrica Immobiliare SGR S.p.A. (\u201c<strong>Fabrica SGR<\/strong>\u201d o la \u201c<strong>SGR<\/strong>\u201d), in qualit\u00e0 di partecipante ai mercati finanziari, ha predisposto un\u2019apposita informativa, disponibile sul sito <em>web<\/em> della SGR alla pagina <a href=\"https:\/\/www.fabricasgr.com\/approccio-esg\/sfdr-sustainable-finance-disclosure-regulation\/\">\u00ab<strong>Sostenibilit\u00e0<\/strong>\u00bb<\/a>.<\/p>\n\n\n\n<p>Di seguito viene dettagliata l\u2019informativa relativa al fondo alternativo immobiliare riservato di diritto italiano, denominato \u201c<strong>Erasmo<\/strong>\u201d (il \u201c<strong>Fondo<\/strong>\u201d), istituito e gestito dalla SGR; il Fondo rientra tra i prodotti di cui all\u2019art. 8 del Regolamento SFDR, ossia tra i prodotti finanziari che promuovono caratteristiche sociali, senza avere come obiettivo un investimento sostenibile.<\/p>\n\n\n\n<p><strong>a. Sintesi<\/strong><\/p>\n\n\n\n<figure class=\"wp-block-image size-large\"><img loading=\"lazy\" decoding=\"async\" width=\"1021\" height=\"1024\" src=\"https:\/\/www.fabricasgr.com\/wp-content\/uploads\/2023\/02\/Immagine3-1021x1024.png\" alt=\"\" class=\"wp-image-16266\" srcset=\"https:\/\/www.fabricasgr.com\/wp-content\/uploads\/2023\/02\/Immagine3-1021x1024.png 1021w, https:\/\/www.fabricasgr.com\/wp-content\/uploads\/2023\/02\/Immagine3-300x300.png 300w, https:\/\/www.fabricasgr.com\/wp-content\/uploads\/2023\/02\/Immagine3-150x150.png 150w, https:\/\/www.fabricasgr.com\/wp-content\/uploads\/2023\/02\/Immagine3-768x770.png 768w, https:\/\/www.fabricasgr.com\/wp-content\/uploads\/2023\/02\/Immagine3-1531x1536.png 1531w, https:\/\/www.fabricasgr.com\/wp-content\/uploads\/2023\/02\/Immagine3-2042x2048.png 2042w, https:\/\/www.fabricasgr.com\/wp-content\/uploads\/2023\/02\/Immagine3-60x60.png 60w, https:\/\/www.fabricasgr.com\/wp-content\/uploads\/2023\/02\/Immagine3-500x500.png 500w\" sizes=\"auto, (max-width: 1021px) 100vw, 1021px\" \/><\/figure>\n\n\n\n<p><strong>b. Nessun obiettivo di investimento sostenibile<\/strong><\/p>\n\n\n\n<p>Il Fondo Erasmo promuove caratteristiche sociali, ma non ha come obiettivo un investimento sostenibile.<\/p>\n\n\n\n<p><strong>c. Caratteristiche ambientali o sociali del Fondo<\/strong><\/p>\n\n\n\n<p>Il Fondo promuove caratteristiche sociali mediante investimenti immobiliari che contribuiscono \u2013 in linea con gli obiettivi di sviluppo sostenibile delle Nazioni Unite (UN SDGs n. 1 &#8211; No Povert\u00e0 e n. 11 &#8211; Citt\u00e0 e Comunit\u00e0 sostenibili) e a supporto del Pilastro Sociale Europeo (Capo I &#8211; Istruzione, formazione e apprendimento permanente e Capo III \u2013 Protezione sociale e inclusione, punto n. 19 \u2013 \u201cAlloggi e assistenza per i senzatetto\u201d) \u2013 ad accrescere la disponibilit\u00e0, sul territorio della Repubblica Italiana, di alloggi destinati a studentati e residenze temporanee (rientranti nella definizione di \u201cAlloggi sociali\u201d del D.M. 8 aprile 2008), nonch\u00e9 ad ampliare la possibilit\u00e0 dei beneficiari finali (in via prevalente studenti fuori sede) di accedere, a condizioni economicamente sopportabili, ad abitazioni adeguate e sicure.<\/p>\n\n\n\n<p>Il Fondo, pertanto, contribuisce a ridurre la carenza strutturale di alloggi per studenti fuorisede e a rafforzare l\u2019attrattivit\u00e0 internazionale degli atenei sul territorio nazionale, promuovendo le seguenti caratteristiche sociali:<\/p>\n\n\n\n<ol class=\"wp-block-list\" type=\"1\"><li>realizzazione\/ampliamento di alloggi e residenze per studenti universitari sul territorio nazionale;<\/li><li>uguaglianza e crescita inclusiva;<\/li><li>lotta alla disuguaglianza sociale.<\/li><\/ol>\n\n\n\n<p>Le richiamate caratteristiche sociali sono perseguite attraverso la selezione di iniziative immobiliari che presentano predefinite caratteristiche in termini di: <em>(a)<\/em> destinazione d\u2019uso dell\u2019<em>asset <\/em>(residenziale \u201c<em>Student Housing<\/em>\u201d), <em>(b)<\/em> tipologia di destinatari finali (in via prevalente, studenti fuori sede), <em>(c)<\/em> settore (alloggi per studenti e lavoratori con servizi accessori di tipo alberghiero).<\/p>\n\n\n\n<p><strong>d. Strategia di investimento<\/strong><\/p>\n\n\n\n<p>La strategia di investimento del Fondo \u00e8 incentrata sulla selezione di investimenti immobiliari che, in linea con le caratteristiche sociali promosse, presentano predefiniti requisiti in termini di: <em>(a)<\/em> destinazione d\u2019uso dell\u2019<em>asset<\/em> (residenziale \u201c<em>Student Housing<\/em>\u201d), <em>(b)<\/em> tipologia di destinatari finali (studenti in via prevalente fuori sede), <em>(c)<\/em> settore (alloggi per studenti e lavoratori con servizi accessori di tipo alberghiero).<\/p>\n\n\n\n<p>In tale ottica, la SGR valuta la <em>performance<\/em> ESG del Fondo, in relazione alle caratteristiche sociali promosse, tramite criteri di individuazione e monitoraggio specifici e un apposito <em>set<\/em> di indicatori quali-quantitativi valutati in tutto il processo di investimento: acquisizione, sviluppo e riqualifica, gestione e disinvestimento. In particolare, i predetti indicatori sono articolati sulle caratteristiche sociali promosse: (i) realizzazione\/ampliamento di unit\u00e0 abitative con finalit\u00e0 sociale sul territorio; (ii) uguaglianza e crescita inclusiva; (iii) lotta alla disuguaglianza.<\/p>\n\n\n\n<p>Inoltre, la SGR, in conformit\u00e0 agli obblighi di cui all\u2019articolo 6 del Regolamento (UE) 2019\/2088, ha integrato i rischi di sostenibilit\u00e0 nel processo decisionale di investimento del Fondo, sia in fase di selezione degli investimenti sia su base continuativa per la gestione degli investimenti in portafoglio.<\/p>\n\n\n\n<p>Pi\u00f9 in particolare, l\u2019integrazione dei rischi di sostenibilit\u00e0 prevede la conduzione, per le nuove iniziative, di una specifica attivit\u00e0 di <em>due diligence<\/em> ESG pre-acquisitiva, al fine di raccogliere e valutare le informazioni afferenti la tematica della sostenibilit\u00e0, integrando fattori di rischio e impatti sul rendimento fin dalla fase di valutazione iniziale dei nuovi investimenti. Le risultanze della <em>due diligence<\/em> ESG concorrono alla decisione di investimento.<\/p>\n\n\n\n<p>Trattandosi di un fondo immobiliare, le prassi di <em>buona governance<\/em> sono valutate in relazione agli investimenti immobiliari del Fondo effettuati indirettamente per il tramite di societ\u00e0 immobiliari o altri veicoli societari, con riferimento a tali societ\u00e0. L\u2019assunzione di partecipazioni in societ\u00e0, anche immobiliari, ha finalit\u00e0 strumentali alle attivit\u00e0 di investimento del Fondo. In particolare, le prassi di <em>buona governance<\/em> di detti veicoli sono valutate sulla base di: strutture di gestione solide, relazioni con il personale, remunerazione del personale e rispetto degli obblighi fiscali.<\/p>\n\n\n\n<p><strong>e. Quota degli investimenti<\/strong><\/p>\n\n\n\n<p>Il Fondo seleziona, in misura non inferiore a 2\/3 del valore complessivo dello stesso, investimenti immobiliari che realizzano le caratteristiche sociali promosse.<\/p>\n\n\n\n<p>La rimanente quota (pari al massimo a 1\/3 del patrimonio del Fondo) pu\u00f2 essere investita in beni immobili, diritti reali immobiliari, ivi inclusi quelli derivanti da contratti di leasing immobiliare con natura traslativa e da rapporti concessori &#8211; e partecipazioni in societ\u00e0 immobiliari diversi da quelli di cui all\u2019investimento tipico, ma comunque complementari e funzionali a quest\u2019ultimo.<\/p>\n\n\n\n<p>Il Fondo pu\u00f2 utilizzare strumenti derivati esclusivamente per finalit\u00e0 di copertura. L\u2019utilizzo dei derivati non disattende il perseguimento delle citate caratteristiche sociali.<strong><\/strong><\/p>\n\n\n\n<p><strong>f. Monitoraggio delle caratteristiche ambientali o sociali<\/strong><\/p>\n\n\n\n<p>Il raggiungimento delle caratteristiche sociali promosse dal Fondo \u00e8 valutato in ognuna delle fasi gestorie, ossia: in fase di investimento, di riqualificazione, di gestione\/locazione. Il raggiungimento delle caratteristiche sociali promosse dal Fondo \u00e8 altres\u00ec monitorato, su base continuativa, dalle competenti strutture della SGR attraverso alcuni <em>driver<\/em> \/ indicatori di sostenibilit\u00e0, definiti in coerenza con le caratteristiche sociali promosse dal Fondo.<\/p>\n\n\n\n<p>Il Fondo, inoltre, \u00e8 sottoposto annualmente a <em>rating<\/em> di sostenibilit\u00e0 (GRESB \u2013 <em>Global Real Estate Sustainability Benchmark<\/em>).<\/p>\n\n\n\n<p><strong>g. Metodologie<\/strong><\/p>\n\n\n\n<p>Il rispetto delle caratteristiche sociali promosse dal Fondo \u00e8 valutato tramite appositi indicatori: <em><\/em><\/p>\n\n\n\n<ol class=\"wp-block-list\" type=\"1\"><li>realizzazione\/ampliamento di unit\u00e0 abitative con finalit\u00e0 sociale sul territorio;<\/li><li>uguaglianza e crescita inclusiva<em>;<\/em><\/li><li>lotta alla disuguaglianza<em>.<\/em><\/li><\/ol>\n\n\n\n<p>La SGR seleziona gli investimenti nel rispetto del Regolamento del Fondo e delle procedure interne di cui la stessa si \u00e8 dotata. Il monitoraggio del rispetto delle caratteristiche sociali del prodotto finanziario \u00e8 realizzato in via continuativa sulla base degli indicatori di sostenibilit\u00e0 del Fondo. La raccolta dei dati necessari \u00e8 affidata al <em>Fund Manager<\/em> del Fondo interessato, il quale riceve periodicamente i dati rilevanti dal <em>Facility\/Property manager<\/em>. I dati raccolti sono elaborati dalla SGR autonomamente con la supervisione dell\u2019ESG <em>Manager<\/em>.<\/p>\n\n\n\n<p><strong>h. Fonti e trattamento dei dati<\/strong><\/p>\n\n\n\n<p>La SGR raccoglie i dati anche attraverso il supporto di soggetti terzi (<em>in primis<\/em> il <em>Facility\/Property manager<\/em> del Fondo). I dati vengono poi sottoposti a controllo e rielaborazione interna alla SGR, per la successiva pubblicazione. Nessuno dei dati riportati \u00e8 stimato.<\/p>\n\n\n\n<p><strong>i. Limitazioni delle metodologie e dei dati<\/strong><\/p>\n\n\n\n<p>La principale limitazione della metodologia utilizzata, e conseguentemente dei dati raccolti, \u00e8 relativa al fatto che la raccolta dati \u00e8 indiretta in quanto affidata a soggetti terzi (<em>Facility\/Property manager<\/em> del Fondo). La SGR si \u00e8 dotata di un apposito <em>corpus<\/em> procedurale e normativo interno affinch\u00e9 tale limitazione non influisca sulle caratteristiche sociali del prodotto finanziario. Inoltre, si evidenzia che, nel contesto del settore immobiliare e finanziario, non esistono metodologie consolidate e standardizzate di valutazione delle <em>performance<\/em> sociali degli immobili e che le prassi di mercato in relazione a tali aspetti sono ancora in corso di consolidamento alla luce dell\u2019attuale quadro normativo. La SGR mantiene tuttavia un approccio proattivo nella definizione e nell\u2019aggiornamento degli indicatori e delle metriche sulle caratteristiche sociali promosse dal Fondo.<\/p>\n\n\n\n<p><strong>j. Dovuta diligenza<\/strong><\/p>\n\n\n\n<p>La SGR svolge attivit\u00e0 di <em>due diligence <\/em>sugli attivi sottostanti del Fondo, attraverso il rispetto delle norme interne nonch\u00e9 la supervisione della selezione di nuovi investimenti ed il monitoraggio degli investimenti esistenti da parte delle aree di <em>business<\/em>, dell\u2019ESG <em>management<\/em> e delle funzioni di controllo. In particolare, in conformit\u00e0 alla procedura interna in materia di investimento, la SGR svolge attivit\u00e0 di <em>due diligence<\/em> tecnica, legale e di sostenibilit\u00e0 per ogni investimento del Fondo, anche potenziale; il coordinamento delle attivit\u00e0 di <em>due diligence<\/em> spetta al Fund Manager e\/o all\u2019Area Investimenti Immobiliari, che ne condividono gli esiti con le funzioni interessate, nonch\u00e9 con le funzioni di controllo, in vista dell\u2019approvazione del progetto di investimento da parte degli Organi competenti.<\/p>\n\n\n\n<p><strong>k. Politiche di impegno<\/strong><\/p>\n\n\n\n<p>In considerazione della natura degli investimenti del Fondo, rappresentati da <em>asset<\/em> immobiliari, e dell\u2019assenza di previsioni di investimenti in imprese beneficiarie, non \u00e8 prevista l\u2019applicazione di politiche di impegno nei confronti di eventuali controparti oggetto di investimento. La SGR, tuttavia, svolge una serie di iniziative di <em>engagement<\/em> verso i propri <em>stakeholder<\/em> e, in particolare, verso i conduttori degli immobili, presso i quali promuove attivit\u00e0 di formazione e sensibilizzazione su tematiche di sostenibilit\u00e0, anche tramite la previsione di specifiche clausole ESG nei contratti di locazione.<\/p>\n\n\n\n<p><strong>l. Indice di riferimento designato<\/strong><\/p>\n\n\n\n<p>Non \u00e8 stato designato un indice di riferimento per le caratteristiche sociali promosse dal Fondo. <\/p>\n\n\n\n<p><em>Le informazioni relative alla misura in cui le caratteristiche sociali sono conseguite sono rese nelle relazioni annuali del Fondo.<\/em><\/p>\n\n\n\n<p><\/p>\n","protected":false},"excerpt":{"rendered":"<p>SFDR (Sustainable Finance Disclosure Regulation) &#8211; Informativa ex Art. 10 Regolamento (UE) 2019\/2088 &#8211; Trasparenza della promozione delle caratteristiche ambientali o sociali sui siti web Ultimo aggiornamento: 25 gennaio 2023 Il Regolamento (UE) 2019\/2088 (il \u201cRegolamento SFDR\u201d) relativo all\u2019informativa sulla sostenibilit\u00e0 nel settore dei servizi finanziari, mira a rendere omogenee le informazioni nei confronti degli [&hellip;]<\/p>\n","protected":false},"author":6,"featured_media":14948,"parent":0,"menu_order":2,"comment_status":"closed","ping_status":"closed","template":"","meta":{"_acf_changed":false,"footnotes":""},"class_list":["post-16014","page","type-page","status-publish","has-post-thumbnail","hentry"],"acf":[],"yoast_head":"<!-- This site is optimized with the Yoast SEO plugin v25.0 - https:\/\/yoast.com\/wordpress\/plugins\/seo\/ -->\n<title>Informativa sulla Sostenibilit\u00e0 del Fondo Erasmo - Fabrica Immobiliare SGR S.p.A.<\/title>\n<meta name=\"robots\" content=\"index, follow, max-snippet:-1, max-image-preview:large, max-video-preview:-1\" \/>\n<link rel=\"canonical\" href=\"https:\/\/www.fabricasgr.com\/informativa-sulla-sostenibilita-del-fondo-erasmo\/\" \/>\n<meta property=\"og:locale\" content=\"en_US\" \/>\n<meta property=\"og:type\" content=\"article\" \/>\n<meta property=\"og:title\" content=\"Informativa sulla Sostenibilit\u00e0 del Fondo Erasmo - Fabrica Immobiliare SGR S.p.A.\" \/>\n<meta property=\"og:description\" content=\"SFDR (Sustainable Finance Disclosure Regulation) &#8211; Informativa ex Art. 10 Regolamento (UE) 2019\/2088 &#8211; Trasparenza della promozione delle caratteristiche ambientali o sociali sui siti web Ultimo aggiornamento: 25 gennaio 2023 Il Regolamento (UE) 2019\/2088 (il \u201cRegolamento SFDR\u201d) relativo all\u2019informativa sulla sostenibilit\u00e0 nel settore dei servizi finanziari, mira a rendere omogenee le informazioni nei confronti degli [&hellip;]\" \/>\n<meta property=\"og:url\" content=\"https:\/\/www.fabricasgr.com\/informativa-sulla-sostenibilita-del-fondo-erasmo\/\" \/>\n<meta property=\"og:site_name\" content=\"Fabrica Immobiliare SGR S.p.A.\" \/>\n<meta property=\"article:modified_time\" content=\"2023-03-30T15:31:24+00:00\" \/>\n<meta property=\"og:image\" content=\"https:\/\/www.fabricasgr.com\/wp-content\/uploads\/2021\/04\/1.jpg\" \/>\n\t<meta property=\"og:image:width\" content=\"2000\" \/>\n\t<meta property=\"og:image:height\" content=\"1333\" \/>\n\t<meta property=\"og:image:type\" content=\"image\/jpeg\" \/>\n<meta name=\"twitter:card\" content=\"summary_large_image\" \/>\n<meta name=\"twitter:label1\" content=\"Est. reading time\" \/>\n\t<meta name=\"twitter:data1\" content=\"9 minutes\" \/>\n<script type=\"application\/ld+json\" class=\"yoast-schema-graph\">{\"@context\":\"https:\/\/schema.org\",\"@graph\":[{\"@type\":\"WebPage\",\"@id\":\"https:\/\/www.fabricasgr.com\/informativa-sulla-sostenibilita-del-fondo-erasmo\/\",\"url\":\"https:\/\/www.fabricasgr.com\/informativa-sulla-sostenibilita-del-fondo-erasmo\/\",\"name\":\"Informativa sulla Sostenibilit\u00e0 del Fondo Erasmo - Fabrica Immobiliare SGR S.p.A.\",\"isPartOf\":{\"@id\":\"https:\/\/www.fabricasgr.com\/en\/#website\"},\"primaryImageOfPage\":{\"@id\":\"https:\/\/www.fabricasgr.com\/informativa-sulla-sostenibilita-del-fondo-erasmo\/#primaryimage\"},\"image\":{\"@id\":\"https:\/\/www.fabricasgr.com\/informativa-sulla-sostenibilita-del-fondo-erasmo\/#primaryimage\"},\"thumbnailUrl\":\"https:\/\/www.fabricasgr.com\/wp-content\/uploads\/2021\/04\/1.jpg\",\"datePublished\":\"2023-02-03T15:31:29+00:00\",\"dateModified\":\"2023-03-30T15:31:24+00:00\",\"breadcrumb\":{\"@id\":\"https:\/\/www.fabricasgr.com\/informativa-sulla-sostenibilita-del-fondo-erasmo\/#breadcrumb\"},\"inLanguage\":\"en-US\",\"potentialAction\":[{\"@type\":\"ReadAction\",\"target\":[\"https:\/\/www.fabricasgr.com\/informativa-sulla-sostenibilita-del-fondo-erasmo\/\"]}]},{\"@type\":\"ImageObject\",\"inLanguage\":\"en-US\",\"@id\":\"https:\/\/www.fabricasgr.com\/informativa-sulla-sostenibilita-del-fondo-erasmo\/#primaryimage\",\"url\":\"https:\/\/www.fabricasgr.com\/wp-content\/uploads\/2021\/04\/1.jpg\",\"contentUrl\":\"https:\/\/www.fabricasgr.com\/wp-content\/uploads\/2021\/04\/1.jpg\",\"width\":2000,\"height\":1333},{\"@type\":\"BreadcrumbList\",\"@id\":\"https:\/\/www.fabricasgr.com\/informativa-sulla-sostenibilita-del-fondo-erasmo\/#breadcrumb\",\"itemListElement\":[{\"@type\":\"ListItem\",\"position\":1,\"name\":\"Home\",\"item\":\"https:\/\/www.fabricasgr.com\/\"},{\"@type\":\"ListItem\",\"position\":2,\"name\":\"Informativa sulla Sostenibilit\u00e0 del Fondo Erasmo\"}]},{\"@type\":\"WebSite\",\"@id\":\"https:\/\/www.fabricasgr.com\/en\/#website\",\"url\":\"https:\/\/www.fabricasgr.com\/en\/\",\"name\":\"Fabrica Immobiliare SGR S.p.A.\",\"description\":\"Soluzioni tailor made per investitori istituzionali\",\"potentialAction\":[{\"@type\":\"SearchAction\",\"target\":{\"@type\":\"EntryPoint\",\"urlTemplate\":\"https:\/\/www.fabricasgr.com\/en\/?s={search_term_string}\"},\"query-input\":{\"@type\":\"PropertyValueSpecification\",\"valueRequired\":true,\"valueName\":\"search_term_string\"}}],\"inLanguage\":\"en-US\"}]}<\/script>\n<!-- \/ Yoast SEO plugin. -->","yoast_head_json":{"title":"Informativa sulla Sostenibilit\u00e0 del Fondo Erasmo - Fabrica Immobiliare SGR S.p.A.","robots":{"index":"index","follow":"follow","max-snippet":"max-snippet:-1","max-image-preview":"max-image-preview:large","max-video-preview":"max-video-preview:-1"},"canonical":"https:\/\/www.fabricasgr.com\/informativa-sulla-sostenibilita-del-fondo-erasmo\/","og_locale":"en_US","og_type":"article","og_title":"Informativa sulla Sostenibilit\u00e0 del Fondo Erasmo - Fabrica Immobiliare SGR S.p.A.","og_description":"SFDR (Sustainable Finance Disclosure Regulation) &#8211; Informativa ex Art. 10 Regolamento (UE) 2019\/2088 &#8211; Trasparenza della promozione delle caratteristiche ambientali o sociali sui siti web Ultimo aggiornamento: 25 gennaio 2023 Il Regolamento (UE) 2019\/2088 (il \u201cRegolamento SFDR\u201d) relativo all\u2019informativa sulla sostenibilit\u00e0 nel settore dei servizi finanziari, mira a rendere omogenee le informazioni nei confronti degli [&hellip;]","og_url":"https:\/\/www.fabricasgr.com\/informativa-sulla-sostenibilita-del-fondo-erasmo\/","og_site_name":"Fabrica Immobiliare SGR S.p.A.","article_modified_time":"2023-03-30T15:31:24+00:00","og_image":[{"width":2000,"height":1333,"url":"https:\/\/www.fabricasgr.com\/wp-content\/uploads\/2021\/04\/1.jpg","type":"image\/jpeg"}],"twitter_card":"summary_large_image","twitter_misc":{"Est. reading time":"9 minutes"},"schema":{"@context":"https:\/\/schema.org","@graph":[{"@type":"WebPage","@id":"https:\/\/www.fabricasgr.com\/informativa-sulla-sostenibilita-del-fondo-erasmo\/","url":"https:\/\/www.fabricasgr.com\/informativa-sulla-sostenibilita-del-fondo-erasmo\/","name":"Informativa sulla Sostenibilit\u00e0 del Fondo Erasmo - Fabrica Immobiliare SGR S.p.A.","isPartOf":{"@id":"https:\/\/www.fabricasgr.com\/en\/#website"},"primaryImageOfPage":{"@id":"https:\/\/www.fabricasgr.com\/informativa-sulla-sostenibilita-del-fondo-erasmo\/#primaryimage"},"image":{"@id":"https:\/\/www.fabricasgr.com\/informativa-sulla-sostenibilita-del-fondo-erasmo\/#primaryimage"},"thumbnailUrl":"https:\/\/www.fabricasgr.com\/wp-content\/uploads\/2021\/04\/1.jpg","datePublished":"2023-02-03T15:31:29+00:00","dateModified":"2023-03-30T15:31:24+00:00","breadcrumb":{"@id":"https:\/\/www.fabricasgr.com\/informativa-sulla-sostenibilita-del-fondo-erasmo\/#breadcrumb"},"inLanguage":"en-US","potentialAction":[{"@type":"ReadAction","target":["https:\/\/www.fabricasgr.com\/informativa-sulla-sostenibilita-del-fondo-erasmo\/"]}]},{"@type":"ImageObject","inLanguage":"en-US","@id":"https:\/\/www.fabricasgr.com\/informativa-sulla-sostenibilita-del-fondo-erasmo\/#primaryimage","url":"https:\/\/www.fabricasgr.com\/wp-content\/uploads\/2021\/04\/1.jpg","contentUrl":"https:\/\/www.fabricasgr.com\/wp-content\/uploads\/2021\/04\/1.jpg","width":2000,"height":1333},{"@type":"BreadcrumbList","@id":"https:\/\/www.fabricasgr.com\/informativa-sulla-sostenibilita-del-fondo-erasmo\/#breadcrumb","itemListElement":[{"@type":"ListItem","position":1,"name":"Home","item":"https:\/\/www.fabricasgr.com\/"},{"@type":"ListItem","position":2,"name":"Informativa sulla Sostenibilit\u00e0 del Fondo Erasmo"}]},{"@type":"WebSite","@id":"https:\/\/www.fabricasgr.com\/en\/#website","url":"https:\/\/www.fabricasgr.com\/en\/","name":"Fabrica Immobiliare SGR S.p.A.","description":"Soluzioni tailor made per investitori istituzionali","potentialAction":[{"@type":"SearchAction","target":{"@type":"EntryPoint","urlTemplate":"https:\/\/www.fabricasgr.com\/en\/?s={search_term_string}"},"query-input":{"@type":"PropertyValueSpecification","valueRequired":true,"valueName":"search_term_string"}}],"inLanguage":"en-US"}]}},"_links":{"self":[{"href":"https:\/\/www.fabricasgr.com\/en\/wp-json\/wp\/v2\/pages\/16014","targetHints":{"allow":["GET"]}}],"collection":[{"href":"https:\/\/www.fabricasgr.com\/en\/wp-json\/wp\/v2\/pages"}],"about":[{"href":"https:\/\/www.fabricasgr.com\/en\/wp-json\/wp\/v2\/types\/page"}],"author":[{"embeddable":true,"href":"https:\/\/www.fabricasgr.com\/en\/wp-json\/wp\/v2\/users\/6"}],"replies":[{"embeddable":true,"href":"https:\/\/www.fabricasgr.com\/en\/wp-json\/wp\/v2\/comments?post=16014"}],"version-history":[{"count":10,"href":"https:\/\/www.fabricasgr.com\/en\/wp-json\/wp\/v2\/pages\/16014\/revisions"}],"predecessor-version":[{"id":16431,"href":"https:\/\/www.fabricasgr.com\/en\/wp-json\/wp\/v2\/pages\/16014\/revisions\/16431"}],"wp:featuredmedia":[{"embeddable":true,"href":"https:\/\/www.fabricasgr.com\/en\/wp-json\/wp\/v2\/media\/14948"}],"wp:attachment":[{"href":"https:\/\/www.fabricasgr.com\/en\/wp-json\/wp\/v2\/media?parent=16014"}],"curies":[{"name":"wp","href":"https:\/\/api.w.org\/{rel}","templated":true}]}}